{"id":990,"date":"2020-01-25T18:17:25","date_gmt":"2020-01-25T17:17:25","guid":{"rendered":"http:\/\/www.prv-concept.com\/boutique\/?post_type=product&#038;p=990"},"modified":"2023-08-07T20:15:48","modified_gmt":"2023-08-07T19:15:48","slug":"lot-de-6-injecteurs-pour-renault-25-v6-turbo-205ch","status":"publish","type":"product","link":"https:\/\/www.prv-concept.com\/boutique\/produit\/lot-de-6-injecteurs-pour-renault-25-v6-turbo-205ch\/","title":{"rendered":"Lot de 6 injecteurs pour Renault 25 V6 Turbo 205ch"},"content":{"rendered":"<p>Nous avons l&rsquo;opportunit\u00e9 de vous proposer de remplacer les injecteurs d&rsquo;origine de vos R25 V6 Turbo 205ch (Baccara ou non) par de nouveaux injecteurs Lucas 6 jets au format Bosch EV1 (montage identique \u00e0 l&rsquo;origine).<\/p>\n<p>Outre le d\u00e9bit des injecteurs qui est sup\u00e9rieur de 10% \u00e0 l&rsquo;origine, ces injecteurs sont tri\u00e9s sur banc (d\u00e9bit identique sur chaque cylindre) et ils ont l&rsquo;avantage d&rsquo;\u00eatre \u00e9quip\u00e9s de la technologie Rotary Disk.<\/p>\n<p>Concr\u00e8tement, ce n&rsquo;est plus une soupape \u00e9lectrique qui translate \u00e0 l&rsquo;int\u00e9rieur de l&rsquo;injecteur, syst\u00e8me ancien et qui pr\u00e9sente l&rsquo;inconv\u00e9nient d&rsquo;\u00eatre bruyant et dont la qualit\u00e9 de projection de d\u00e9grade fortement avec l&rsquo;encrassement.<\/p>\n<p>Dans le cas des Lucas, un moteur \u00e9lectrique pulv\u00e9rise le carburant au travers d&rsquo;un disque perc\u00e9 de 6 trous. Il n&rsquo;y a plus de soupape qui translate, l&rsquo;encrassement est beaucoup plus difficile et la stabilit\u00e9 de projection largement am\u00e9lior\u00e9e.<\/p>\n<p>R\u00e9sultat, la pulv\u00e9risation est plus silencieuse, le temps de r\u00e9ponse des injecteurs est moindre et avec l&rsquo;augmentation du d\u00e9bit, le ratio air\/carburant offert est plus efficace.<\/p>\n<p>Offrez \u00e0 votre R25 le remplacement de vos vieux injecteurs de 30 ans par ces nouveaux injecteurs plus modernes et plus efficaces.<\/p>\n<p>Remplace la r\u00e9f\u00e9rence Renault 7700260543 (77 00 260 543).<\/p>\n","protected":false},"excerpt":{"rendered":"<p>Nous avons l&rsquo;opportunit\u00e9 de vous proposer de remplacer les injecteurs d&rsquo;origine de vos R25 V6 Turbo 205ch (Baccara ou non) par de nouveaux injecteurs Lucas 6 jets au format Bosch EV1 (montage identique \u00e0 l&rsquo;origine). Outre le d\u00e9bit des injecteurs qui est sup\u00e9rieur de 10% \u00e0 l&rsquo;origine, ces injecteurs sont[&#8230;]<\/p>\n","protected":false},"featured_media":991,"comment_status":"closed","ping_status":"closed","template":"","meta":[],"_links":{"self":[{"href":"https:\/\/www.prv-concept.com\/boutique\/wp-json\/wp\/v2\/product\/990"}],"collection":[{"href":"https:\/\/www.prv-concept.com\/boutique\/wp-json\/wp\/v2\/product"}],"about":[{"href":"https:\/\/www.prv-concept.com\/boutique\/wp-json\/wp\/v2\/types\/product"}],"replies":[{"embeddable":true,"href":"https:\/\/www.prv-concept.com\/boutique\/wp-json\/wp\/v2\/comments?post=990"}],"wp:featuredmedia":[{"embeddable":true,"href":"https:\/\/www.prv-concept.com\/boutique\/wp-json\/wp\/v2\/media\/991"}],"wp:attachment":[{"href":"https:\/\/www.prv-concept.com\/boutique\/wp-json\/wp\/v2\/media?parent=990"}],"curies":[{"name":"wp","href":"https:\/\/api.w.org\/{rel}","templated":true}]}}