{"id":1108,"date":"2022-07-17T11:22:31","date_gmt":"2022-07-17T10:22:31","guid":{"rendered":"http:\/\/www.prv-concept.com\/boutique\/?post_type=product&#038;p=1108"},"modified":"2025-03-31T22:12:57","modified_gmt":"2025-03-31T21:12:57","slug":"durites-de-regulateur-de-ralenti-renault-25-v6-turbo","status":"publish","type":"product","link":"https:\/\/www.prv-concept.com\/boutique\/produit\/durites-de-regulateur-de-ralenti-renault-25-v6-turbo\/","title":{"rendered":"Durites de r\u00e9gulateur de ralenti Renault 25 V6 Turbo"},"content":{"rendered":"<p>L&rsquo;association PRV Concept vous propose ici une reproduction des deux durites de r\u00e9gulateur de ralenti. Ces durites sont renforc\u00e9es pour \u00e9viter l&rsquo;\u00e9crasement d\u00fb \u00e0 la d\u00e9pression.<br \/>\nLes r\u00e9f\u00e9rences Renault de ces durites sont 77 00 260 342 et 77 00 260 341.<\/p>\n<p>Pour les Renault 25 V6 Turbo 182ch: l&rsquo;insert plastique doit \u00eatre retir\u00e9 et un bouchon (une simple vis de 7) doit \u00eatre mis en place.<br \/>\nPour les 1\u00e8res g\u00e9n\u00e9rations de R25 V6 Turbo 182ch (avant mill\u00e9sime 1987) avec le montage du r\u00e9gulateur de ralenti invers\u00e9 (connecteur en bas): il faut se procurer le support des versions plus r\u00e9centes pour permettre le montage du r\u00e9gulateur dans le bon sens (connecteur en haut).<\/p>\n<p>Remplace les r\u00e9f\u00e9rences Renault suivantes (pour la V6 Turbo 182ch) : <strong>7700267659, 7700267665, 7700267666<\/strong>.<br \/>\nRemplace les r\u00e9f\u00e9rences Renault suivantes (pour la V6 Turbo 205ch): <strong>7700260342, 7700260341<\/strong>.<\/p>\n","protected":false},"excerpt":{"rendered":"<p>L&rsquo;association PRV Concept vous propose ici une reproduction des deux durites de r\u00e9gulateur de ralenti. Ces durites sont renforc\u00e9es pour \u00e9viter l&rsquo;\u00e9crasement d\u00fb \u00e0 la d\u00e9pression. Les r\u00e9f\u00e9rences Renault de ces durites sont 77 00 260 342 et 77 00 260 341. Pour les Renault 25 V6 Turbo 182ch: l&rsquo;insert[&#8230;]<\/p>\n","protected":false},"featured_media":1112,"comment_status":"closed","ping_status":"closed","template":"","meta":[],"_links":{"self":[{"href":"https:\/\/www.prv-concept.com\/boutique\/wp-json\/wp\/v2\/product\/1108"}],"collection":[{"href":"https:\/\/www.prv-concept.com\/boutique\/wp-json\/wp\/v2\/product"}],"about":[{"href":"https:\/\/www.prv-concept.com\/boutique\/wp-json\/wp\/v2\/types\/product"}],"replies":[{"embeddable":true,"href":"https:\/\/www.prv-concept.com\/boutique\/wp-json\/wp\/v2\/comments?post=1108"}],"wp:featuredmedia":[{"embeddable":true,"href":"https:\/\/www.prv-concept.com\/boutique\/wp-json\/wp\/v2\/media\/1112"}],"wp:attachment":[{"href":"https:\/\/www.prv-concept.com\/boutique\/wp-json\/wp\/v2\/media?parent=1108"}],"curies":[{"name":"wp","href":"https:\/\/api.w.org\/{rel}","templated":true}]}}