{"id":748,"date":"2017-12-17T14:20:51","date_gmt":"2017-12-17T13:20:51","guid":{"rendered":"http:\/\/www.prv-concept.com\/boutique\/?post_type=product&#038;p=748"},"modified":"2019-03-26T20:50:33","modified_gmt":"2019-03-26T19:50:33","slug":"valise-action-xr25s","status":"publish","type":"product","link":"http:\/\/www.prv-concept.com\/boutique\/produit\/valise-action-xr25s\/","title":{"rendered":"Valise Action XR25S"},"content":{"rendered":"<p>L&rsquo;association PRV Concept souhaite proposer \u00e0 ses membres une valise de diagnostique Actia XR25S en tr\u00e8s bon \u00e9tat.<\/p>\n<p>Cette valise permet de r\u00e9aliser des diagnostiques sur les anciennes Renault youngtimers.<\/p>\n","protected":false},"excerpt":{"rendered":"<p>L&rsquo;association PRV Concept souhaite proposer \u00e0 ses membres\u00a0une valise de diagnostique Actia XR25S en tr\u00e8s bon \u00e9tat.<\/p>\n<p>Cette valise permet de r\u00e9aliser des diagnostiques sur les anciennes Renault youngtimers.<\/p>\n","protected":false},"featured_media":752,"comment_status":"closed","ping_status":"closed","template":"","meta":[],"_links":{"self":[{"href":"http:\/\/www.prv-concept.com\/boutique\/wp-json\/wp\/v2\/product\/748"}],"collection":[{"href":"http:\/\/www.prv-concept.com\/boutique\/wp-json\/wp\/v2\/product"}],"about":[{"href":"http:\/\/www.prv-concept.com\/boutique\/wp-json\/wp\/v2\/types\/product"}],"replies":[{"embeddable":true,"href":"http:\/\/www.prv-concept.com\/boutique\/wp-json\/wp\/v2\/comments?post=748"}],"wp:featuredmedia":[{"embeddable":true,"href":"http:\/\/www.prv-concept.com\/boutique\/wp-json\/wp\/v2\/media\/752"}],"wp:attachment":[{"href":"http:\/\/www.prv-concept.com\/boutique\/wp-json\/wp\/v2\/media?parent=748"}],"curies":[{"name":"wp","href":"https:\/\/api.w.org\/{rel}","templated":true}]}}