{"id":296,"date":"2013-06-29T21:15:54","date_gmt":"2013-06-29T19:15:54","guid":{"rendered":"http:\/\/www.prv-concept.com\/boutique\/produit\/durite-superieure-v6-turbo-205ch\/"},"modified":"2026-02-08T09:12:28","modified_gmt":"2026-02-08T08:12:28","slug":"durite-superieure-v6-turbo-205ch","status":"publish","type":"product","link":"http:\/\/www.prv-concept.com\/boutique\/produit\/durite-superieure-v6-turbo-205ch\/","title":{"rendered":"Durite sup\u00e9rieure V6 Turbo 205ch"},"content":{"rendered":"<p>L&rsquo;association PRV Concept propose \u00e0 la vente des durites haut radiateur en silicone pour Renault 25 mod\u00e8le :<\/p>\n<ul>\n<li>V6 Turbo 205ch<\/li>\n<\/ul>\n<p>Outre le silicone, cette durite pr\u00e9sente l&rsquo;avantage d&rsquo;avoir une vis de purge. Remplace la r\u00e9f\u00e9rence Renault suivante : <strong>6001022947<\/strong>.<\/p>\n","protected":false},"excerpt":{"rendered":"<p>L&rsquo;association PRV Concept propose \u00e0 la vente des durites haut radiateur en silicone pour Renault 25 mod\u00e8le V6 Turbo 205ch.<\/p>\n","protected":false},"featured_media":71,"comment_status":"closed","ping_status":"closed","template":"","meta":[],"_links":{"self":[{"href":"http:\/\/www.prv-concept.com\/boutique\/wp-json\/wp\/v2\/product\/296"}],"collection":[{"href":"http:\/\/www.prv-concept.com\/boutique\/wp-json\/wp\/v2\/product"}],"about":[{"href":"http:\/\/www.prv-concept.com\/boutique\/wp-json\/wp\/v2\/types\/product"}],"replies":[{"embeddable":true,"href":"http:\/\/www.prv-concept.com\/boutique\/wp-json\/wp\/v2\/comments?post=296"}],"wp:featuredmedia":[{"embeddable":true,"href":"http:\/\/www.prv-concept.com\/boutique\/wp-json\/wp\/v2\/media\/71"}],"wp:attachment":[{"href":"http:\/\/www.prv-concept.com\/boutique\/wp-json\/wp\/v2\/media?parent=296"}],"curies":[{"name":"wp","href":"https:\/\/api.w.org\/{rel}","templated":true}]}}