{"id":290,"date":"2013-06-29T15:55:35","date_gmt":"2013-06-29T13:55:35","guid":{"rendered":"http:\/\/www.prv-concept.com\/boutique\/?post_type=product&#038;p=290"},"modified":"2020-06-04T11:05:15","modified_gmt":"2020-06-04T10:05:15","slug":"porte-carte-grise-prv-concept","status":"publish","type":"product","link":"http:\/\/www.prv-concept.com\/boutique\/produit\/porte-carte-grise-prv-concept\/","title":{"rendered":"Porte carte-grise PRV Concept"},"content":{"rendered":"<p>Le porte carte-grise est en cuir v\u00e9ritable, avec renforts d&rsquo;angles dor\u00e9s. Le logo de l&rsquo;Association est incrust\u00e9 dessus et le tout est livr\u00e9 dans un \u00e9tui.<\/p>\n","protected":false},"excerpt":{"rendered":"<p>Le porte carte-grise est en cuir v\u00e9ritable, avec renforts d&rsquo;angles dor\u00e9s. Le logo de l&rsquo;Association est incrust\u00e9 dessus et le tout est livr\u00e9 dans un \u00e9tui.<\/p>\n","protected":false},"featured_media":181,"comment_status":"closed","ping_status":"closed","template":"","meta":[],"_links":{"self":[{"href":"http:\/\/www.prv-concept.com\/boutique\/wp-json\/wp\/v2\/product\/290"}],"collection":[{"href":"http:\/\/www.prv-concept.com\/boutique\/wp-json\/wp\/v2\/product"}],"about":[{"href":"http:\/\/www.prv-concept.com\/boutique\/wp-json\/wp\/v2\/types\/product"}],"replies":[{"embeddable":true,"href":"http:\/\/www.prv-concept.com\/boutique\/wp-json\/wp\/v2\/comments?post=290"}],"wp:featuredmedia":[{"embeddable":true,"href":"http:\/\/www.prv-concept.com\/boutique\/wp-json\/wp\/v2\/media\/181"}],"wp:attachment":[{"href":"http:\/\/www.prv-concept.com\/boutique\/wp-json\/wp\/v2\/media?parent=290"}],"curies":[{"name":"wp","href":"https:\/\/api.w.org\/{rel}","templated":true}]}}