{"id":1119,"date":"2022-07-17T11:53:09","date_gmt":"2022-07-17T10:53:09","guid":{"rendered":"http:\/\/www.prv-concept.com\/boutique\/?post_type=product&#038;p=1119"},"modified":"2025-10-02T20:08:09","modified_gmt":"2025-10-02T19:08:09","slug":"fourchette-dembrayage-boite-un1-axe-8mm","status":"publish","type":"product","link":"http:\/\/www.prv-concept.com\/boutique\/produit\/fourchette-dembrayage-boite-un1-axe-8mm\/","title":{"rendered":"Fourchette d&#8217;embrayage bo\u00eete UN1 axe 8mm"},"content":{"rendered":"<p>L&rsquo;association PRV Concept vous propose ici des fourchettes d&#8217;embrayage neuves pour Renault 25 V6 Turbo 205ch.<\/p>\n<p>Ces fourchettes ont la particularit\u00e9 d&rsquo;avoir d&rsquo;origine un axe renforc\u00e9 (8mm au lieu de 6mm) et ne subissent donc plus les casses connues d&rsquo;axe de fourchette.<br \/>\nLa r\u00e9f\u00e9rence Renault de ces fourchettes est 77 00 853 287.<\/p>\n<p>Remplace la r\u00e9f\u00e9rence Renault suivante : <strong>7700853287<\/strong>.<\/p>\n","protected":false},"excerpt":{"rendered":"<p>L&rsquo;association PRV Concept vous propose ici des fourchettes d&#8217;embrayage neuves pour Renault 25 V6 Turbo 205ch. Ces fourchettes ont la particularit\u00e9 d&rsquo;avoir d&rsquo;origine un axe renforc\u00e9 (8mm au lieu de 6mm) et ne subissent donc plus les casses connues d&rsquo;axe de fourchette. La r\u00e9f\u00e9rence Renault de ces fourchettes est 77[&#8230;]<\/p>\n","protected":false},"featured_media":1121,"comment_status":"closed","ping_status":"closed","template":"","meta":[],"_links":{"self":[{"href":"http:\/\/www.prv-concept.com\/boutique\/wp-json\/wp\/v2\/product\/1119"}],"collection":[{"href":"http:\/\/www.prv-concept.com\/boutique\/wp-json\/wp\/v2\/product"}],"about":[{"href":"http:\/\/www.prv-concept.com\/boutique\/wp-json\/wp\/v2\/types\/product"}],"replies":[{"embeddable":true,"href":"http:\/\/www.prv-concept.com\/boutique\/wp-json\/wp\/v2\/comments?post=1119"}],"wp:featuredmedia":[{"embeddable":true,"href":"http:\/\/www.prv-concept.com\/boutique\/wp-json\/wp\/v2\/media\/1121"}],"wp:attachment":[{"href":"http:\/\/www.prv-concept.com\/boutique\/wp-json\/wp\/v2\/media?parent=1119"}],"curies":[{"name":"wp","href":"https:\/\/api.w.org\/{rel}","templated":true}]}}