{"id":1024,"date":"2020-05-17T12:24:29","date_gmt":"2020-05-17T11:24:29","guid":{"rendered":"http:\/\/www.prv-concept.com\/boutique\/?post_type=product&#038;p=1024"},"modified":"2020-07-02T21:20:53","modified_gmt":"2020-07-02T20:20:53","slug":"pompe-a-essence-walbro","status":"publish","type":"product","link":"http:\/\/www.prv-concept.com\/boutique\/produit\/pompe-a-essence-walbro\/","title":{"rendered":"Pompe \u00e0 essence Walbro"},"content":{"rendered":"<p>L&rsquo;Association PRV Concept propose une alternative aux pompes \u00e0 essence Bosch d&rsquo;origine avec cette pompe Walbro plug&amp;play.<\/p>\n<p>Plus de risques de tourner \u00e0 la limite avec la pompe d&rsquo;origine, cette pompe offre un d\u00e9bit de 255L\/h.<\/p>\n<p>La pompe est fournie avec les raccords n\u00e9cessaires. Aucune modification du support n&rsquo;est n\u00e9cessaire.<\/p>\n<p>Remplace les r\u00e9f\u00e9rences Renault suivantes :<\/p>\n<ul>\n<li>7700767538 (77 00 767 538)<\/li>\n<li>7703032127 (77 03 032 127)<\/li>\n<li>7903062005 (x2) (79 03 062 005)<\/li>\n<li>7700260678 (77 00 260 678)<\/li>\n<\/ul>\n","protected":false},"excerpt":{"rendered":"<p>L&rsquo;Association PRV Concept propose une alternative aux pompes \u00e0 essence Bosch d&rsquo;origine avec cette pompe Walbro plug&amp;play. Plus de risques de tourner \u00e0 la limite avec la pompe d&rsquo;origine, cette pompe offre un d\u00e9bit de 255L\/h. La pompe est fournie avec les raccords n\u00e9cessaires. Aucune modification du support n&rsquo;est n\u00e9cessaire.[&#8230;]<\/p>\n","protected":false},"featured_media":1025,"comment_status":"closed","ping_status":"closed","template":"","meta":[],"_links":{"self":[{"href":"http:\/\/www.prv-concept.com\/boutique\/wp-json\/wp\/v2\/product\/1024"}],"collection":[{"href":"http:\/\/www.prv-concept.com\/boutique\/wp-json\/wp\/v2\/product"}],"about":[{"href":"http:\/\/www.prv-concept.com\/boutique\/wp-json\/wp\/v2\/types\/product"}],"replies":[{"embeddable":true,"href":"http:\/\/www.prv-concept.com\/boutique\/wp-json\/wp\/v2\/comments?post=1024"}],"wp:featuredmedia":[{"embeddable":true,"href":"http:\/\/www.prv-concept.com\/boutique\/wp-json\/wp\/v2\/media\/1025"}],"wp:attachment":[{"href":"http:\/\/www.prv-concept.com\/boutique\/wp-json\/wp\/v2\/media?parent=1024"}],"curies":[{"name":"wp","href":"https:\/\/api.w.org\/{rel}","templated":true}]}}